{"id":2367,"date":"2023-01-20T00:37:08","date_gmt":"2023-01-19T23:37:08","guid":{"rendered":"https:\/\/www.tecnocryo.com\/servizi\/"},"modified":"2024-12-05T22:51:46","modified_gmt":"2024-12-05T21:51:46","slug":"services","status":"publish","type":"page","link":"https:\/\/www.tecnocryo.com\/fr\/services\/","title":{"rendered":"Services Technocryo"},"content":{"rendered":"\n<h2 class=\"wp-block-heading\">Contactez-nous pour plus d&rsquo;informations.<\/h2>\n\n\n\n<div style=\"height:10px\" aria-hidden=\"true\" class=\"wp-block-spacer\"><\/div>\n\n\n\n<h2 class=\"wp-block-heading\">Nous fournissons plus que des services de qualit\u00e9!<\/h2>\n\n\n\n<div style=\"height:50px\" aria-hidden=\"true\" class=\"wp-block-spacer\"><\/div>\n\n\n\n<div class=\"wp-block-contact-form-7-contact-form-selector\">\n<div class=\"wpcf7 no-js\" id=\"wpcf7-f2508-o1\" lang=\"fr-FR\" dir=\"ltr\" data-wpcf7-id=\"2508\">\n<div class=\"screen-reader-response\"><p role=\"status\" aria-live=\"polite\" aria-atomic=\"true\"><\/p> <ul><\/ul><\/div>\n<form action=\"\/fr\/wp-json\/wp\/v2\/pages\/2367#wpcf7-f2508-o1\" method=\"post\" class=\"wpcf7-form init wpcf7-acceptance-as-validation\" aria-label=\"Formulaire de contact\" novalidate=\"novalidate\" data-status=\"init\">\n<fieldset class=\"hidden-fields-container\"><input type=\"hidden\" name=\"_wpcf7\" value=\"2508\" \/><input type=\"hidden\" name=\"_wpcf7_version\" value=\"6.1.5\" \/><input type=\"hidden\" name=\"_wpcf7_locale\" value=\"fr_FR\" \/><input type=\"hidden\" name=\"_wpcf7_unit_tag\" value=\"wpcf7-f2508-o1\" \/><input type=\"hidden\" name=\"_wpcf7_container_post\" value=\"0\" \/><input type=\"hidden\" name=\"_wpcf7_posted_data_hash\" value=\"\" \/><input type=\"hidden\" name=\"_wpcf7_recaptcha_response\" value=\"\" \/>\n<\/fieldset>\n<div class=\"insideform\">\n\t<div class=\"col-6\">\n\t\t<p>Nom <label for=\"your-name\">\/ pr\u00e9nom *<\/label><span class=\"wpcf7-form-control-wrap\" data-name=\"your-name\"><input size=\"40\" maxlength=\"400\" class=\"wpcf7-form-control wpcf7-text wpcf7-validates-as-required textform\" id=\"your-name\" aria-required=\"true\" aria-invalid=\"false\" placeholder=\"Nom \/ pr\u00e9nom *\" value=\"\" type=\"text\" name=\"your-name\" \/><\/span>\n\t\t<\/p>\n\t<\/div>\n\t<div class=\"col-6\">\n\t\t<p><label for=\"your-surname\">Nom de l'entreprise *<\/label><span class=\"wpcf7-form-control-wrap\" data-name=\"your-surname\"><input size=\"40\" maxlength=\"400\" class=\"wpcf7-form-control wpcf7-text wpcf7-validates-as-required textform\" id=\"your-surname\" aria-required=\"true\" aria-invalid=\"false\" placeholder=\"Nom de l&#039;entreprise *\" value=\"\" type=\"text\" name=\"your-surname\" \/><\/span>\n\t\t<\/p>\n\t<\/div>\n\t<div class=\"col-6\">\n\t\t<p>T\u00e9l\u00e9phone <label for=\"tel-374\">*<\/label><span class=\"wpcf7-form-control-wrap\" data-name=\"tel-374\"><input size=\"40\" maxlength=\"400\" class=\"wpcf7-form-control wpcf7-tel wpcf7-validates-as-required wpcf7-text wpcf7-validates-as-tel textform\" id=\"tel-374\" aria-required=\"true\" aria-invalid=\"false\" placeholder=\"T\u00e9l\u00e9phone *\" value=\"\" type=\"tel\" name=\"tel-374\" \/><\/span>\n\t\t<\/p>\n\t<\/div>\n\t<div class=\"col-6\">\n\t\t<p><label for=\"your-email\">Email *<\/label><span class=\"wpcf7-form-control-wrap\" data-name=\"your-email\"><input size=\"40\" maxlength=\"400\" class=\"wpcf7-form-control wpcf7-email wpcf7-validates-as-required wpcf7-text wpcf7-validates-as-email textform\" id=\"your-email\" aria-required=\"true\" aria-invalid=\"false\" placeholder=\"Email *\" value=\"\" type=\"email\" name=\"your-email\" \/><\/span>\n\t\t<\/p>\n\t<\/div>\n\t<div class=\"col-6\">\n\t\t<p>Ville <label for=\"text-394\">*<\/label><span class=\"wpcf7-form-control-wrap\" data-name=\"text-394\"><input size=\"40\" maxlength=\"400\" class=\"wpcf7-form-control wpcf7-text wpcf7-validates-as-required textform\" id=\"text-394\" aria-required=\"true\" aria-invalid=\"false\" placeholder=\"Ville *\" value=\"\" type=\"text\" name=\"text-394\" \/><\/span>\n\t\t<\/p>\n\t<\/div>\n\t<div class=\"col-6\">\n\t\t<p><label for=\"text-165\">Nation *<\/label><span class=\"wpcf7-form-control-wrap\" data-name=\"text-165\"><input size=\"40\" maxlength=\"400\" class=\"wpcf7-form-control wpcf7-text wpcf7-validates-as-required textform\" id=\"text-165\" aria-required=\"true\" aria-invalid=\"false\" placeholder=\"Nation *\" value=\"\" type=\"text\" name=\"text-165\" \/><\/span>\n\t\t<\/p>\n\t<\/div>\n\t<div class=\"col-12\">\n\t\t<p><label for=\"textarea-674\">D\u00e9crivez bri\u00e8vement votre demande *<\/label><br \/>\n<span class=\"wpcf7-form-control-wrap\" data-name=\"textarea-674\"><textarea cols=\"40\" rows=\"10\" maxlength=\"2000\" class=\"wpcf7-form-control wpcf7-textarea wpcf7-validates-as-required textareaform\" id=\"textarea-674\" aria-required=\"true\" aria-invalid=\"false\" placeholder=\"D\u00e9crivez bri\u00e8vement votre demande *\" name=\"textarea-674\"><\/textarea><\/span>\n\t\t<\/p>\n\t\t<p class=\"acceptPolicy\">* <label for=\"acceptance-868\"><span class=\"wpcf7-form-control-wrap\" data-name=\"acceptance-868\"><span class=\"wpcf7-form-control wpcf7-acceptance\"><span class=\"wpcf7-list-item\"><input type=\"checkbox\" name=\"acceptance-868\" value=\"1\" aria-invalid=\"false\" \/><\/span><\/span><\/span> Je d\u00e9clare avoir lu la <a href=\"..\/privacy-policy\/\">politique de confidentialit\u00e9<\/a> et donne donc mon consentement au traitement de mes donn\u00e9es personnelles conform\u00e9ment \u00e0 l'article 13 du d\u00e9cret l\u00e9gislatif 196\/2003. <\/label>\n\t\t<\/p>\n\t\t<p class=\"camp\">* Champ obligatoire\n\t\t<\/p>\n\t\t<p><input class=\"wpcf7-form-control wpcf7-submit has-spinner sub-button default-button\" type=\"submit\" value=\"ENVOYER UN MESSAGE\" \/>\n\t\t<\/p>\n\t<\/div>\n<\/div><div class=\"wpcf7-response-output\" aria-hidden=\"true\"><\/div>\n<\/form>\n<\/div>\n<\/div>\n","protected":false},"excerpt":{"rendered":"<p>Contactez-nous pour plus d&rsquo;informations. Nous fournissons plus que des services de qualit\u00e9!<\/p>\n","protected":false},"author":2,"featured_media":1495,"parent":0,"menu_order":0,"comment_status":"closed","ping_status":"closed","template":"template\/servizi.php","meta":{"_acf_changed":false,"footnotes":""},"class_list":["post-2367","page","type-page","status-publish","has-post-thumbnail","hentry"],"acf":[],"yoast_head":"<!-- This site is optimized with the Yoast SEO plugin v27.3 - https:\/\/yoast.com\/product\/yoast-seo-wordpress\/ -->\n<title>Assistance, Contr\u00f4le \u00e0 Distance, Recherche &amp; D\u00e9veloppement<\/title>\n<meta name=\"description\" content=\"L&#039;expertise de Tecnocryo dans les services : Assistance apr\u00e8s-vente, Contr\u00f4le \u00e0 distance, Recherche &amp; D\u00e9veloppement, Formation\" \/>\n<meta name=\"robots\" content=\"index, follow, max-snippet:-1, max-image-preview:large, max-video-preview:-1\" \/>\n<link rel=\"canonical\" href=\"https:\/\/www.tecnocryo.com\/fr\/services\/\" \/>\n<meta property=\"og:locale\" content=\"fr_FR\" \/>\n<meta property=\"og:type\" content=\"article\" \/>\n<meta property=\"og:title\" content=\"Assistance, Contr\u00f4le \u00e0 Distance, Recherche &amp; D\u00e9veloppement, Formation\" \/>\n<meta property=\"og:description\" content=\"L&#039;expertise de Tecnocryo dans les services : Assistance apr\u00e8s-vente, Contr\u00f4le \u00e0 distance, Recherche &amp; D\u00e9veloppement, Formation. Innovation pour votre entreprise\" \/>\n<meta property=\"og:url\" content=\"https:\/\/www.tecnocryo.com\/fr\/services\/\" \/>\n<meta property=\"og:site_name\" content=\"Tecnocryo | apparecchiature per la manipolazione del gas\" \/>\n<meta property=\"article:modified_time\" content=\"2024-12-05T21:51:46+00:00\" \/>\n<meta property=\"og:image\" content=\"https:\/\/www.tecnocryo.com\/wp-content\/uploads\/2023\/03\/tecnocryo-prodotti.jpg\" \/>\n\t<meta property=\"og:image:width\" content=\"2000\" \/>\n\t<meta property=\"og:image:height\" content=\"640\" \/>\n\t<meta property=\"og:image:type\" content=\"image\/jpeg\" \/>\n<meta name=\"twitter:card\" content=\"summary_large_image\" \/>\n<meta name=\"twitter:title\" content=\"Assistance, Contr\u00f4le \u00e0 Distance, Recherche &amp; D\u00e9veloppement, Formation\" \/>\n<meta name=\"twitter:description\" content=\"L&#039;expertise de Tecnocryo dans les services : Assistance apr\u00e8s-vente, Contr\u00f4le \u00e0 distance, Recherche &amp; D\u00e9veloppement, Formation. Innovation pour votre entreprise\" \/>\n<meta name=\"twitter:label1\" content=\"Dur\u00e9e de lecture estim\u00e9e\" \/>\n\t<meta name=\"twitter:data1\" content=\"1 minute\" \/>\n<!-- \/ Yoast SEO plugin. -->","yoast_head_json":{"title":"Assistance, Contr\u00f4le \u00e0 Distance, Recherche & D\u00e9veloppement","description":"L'expertise de Tecnocryo dans les services : Assistance apr\u00e8s-vente, Contr\u00f4le \u00e0 distance, Recherche & D\u00e9veloppement, Formation","robots":{"index":"index","follow":"follow","max-snippet":"max-snippet:-1","max-image-preview":"max-image-preview:large","max-video-preview":"max-video-preview:-1"},"canonical":"https:\/\/www.tecnocryo.com\/fr\/services\/","og_locale":"fr_FR","og_type":"article","og_title":"Assistance, Contr\u00f4le \u00e0 Distance, Recherche & D\u00e9veloppement, Formation","og_description":"L'expertise de Tecnocryo dans les services : Assistance apr\u00e8s-vente, Contr\u00f4le \u00e0 distance, Recherche & D\u00e9veloppement, Formation. Innovation pour votre entreprise","og_url":"https:\/\/www.tecnocryo.com\/fr\/services\/","og_site_name":"Tecnocryo | apparecchiature per la manipolazione del gas","article_modified_time":"2024-12-05T21:51:46+00:00","og_image":[{"width":2000,"height":640,"url":"https:\/\/www.tecnocryo.com\/wp-content\/uploads\/2023\/03\/tecnocryo-prodotti.jpg","type":"image\/jpeg"}],"twitter_card":"summary_large_image","twitter_title":"Assistance, Contr\u00f4le \u00e0 Distance, Recherche & D\u00e9veloppement, Formation","twitter_description":"L'expertise de Tecnocryo dans les services : Assistance apr\u00e8s-vente, Contr\u00f4le \u00e0 distance, Recherche & D\u00e9veloppement, Formation. Innovation pour votre entreprise","twitter_misc":{"Dur\u00e9e de lecture estim\u00e9e":"1 minute"},"schema":{"@context":"https:\/\/schema.org","@graph":[{"@type":"WebPage","@id":"https:\/\/www.tecnocryo.com\/fr\/services\/","url":"https:\/\/www.tecnocryo.com\/fr\/services\/","name":"Assistance, Contr\u00f4le \u00e0 Distance, Recherche & D\u00e9veloppement","isPartOf":{"@id":"https:\/\/www.tecnocryo.com\/fr\/#website"},"primaryImageOfPage":{"@id":"https:\/\/www.tecnocryo.com\/fr\/services\/#primaryimage"},"image":{"@id":"https:\/\/www.tecnocryo.com\/fr\/services\/#primaryimage"},"thumbnailUrl":"https:\/\/www.tecnocryo.com\/wp-content\/uploads\/2023\/03\/tecnocryo-prodotti.jpg","datePublished":"2023-01-19T23:37:08+00:00","dateModified":"2024-12-05T21:51:46+00:00","description":"L'expertise de Tecnocryo dans les services : Assistance apr\u00e8s-vente, Contr\u00f4le \u00e0 distance, Recherche & D\u00e9veloppement, Formation","breadcrumb":{"@id":"https:\/\/www.tecnocryo.com\/fr\/services\/#breadcrumb"},"inLanguage":"fr-FR","potentialAction":[{"@type":"ReadAction","target":["https:\/\/www.tecnocryo.com\/fr\/services\/"]}]},{"@type":"ImageObject","inLanguage":"fr-FR","@id":"https:\/\/www.tecnocryo.com\/fr\/services\/#primaryimage","url":"https:\/\/www.tecnocryo.com\/wp-content\/uploads\/2023\/03\/tecnocryo-prodotti.jpg","contentUrl":"https:\/\/www.tecnocryo.com\/wp-content\/uploads\/2023\/03\/tecnocryo-prodotti.jpg","width":2000,"height":640,"caption":"tecnocryo-prodotti"},{"@type":"BreadcrumbList","@id":"https:\/\/www.tecnocryo.com\/fr\/services\/#breadcrumb","itemListElement":[{"@type":"ListItem","position":1,"name":"accueil","item":"https:\/\/www.tecnocryo.com\/fr\/"},{"@type":"ListItem","position":2,"name":"Services Technocryo"}]},{"@type":"WebSite","@id":"https:\/\/www.tecnocryo.com\/fr\/#website","url":"https:\/\/www.tecnocryo.com\/fr\/","name":"Tecnocryo | apparecchiature per la manipolazione del gas","description":"Tecnocryo | apparecchiature per la manipolazione del gas","publisher":{"@id":"https:\/\/www.tecnocryo.com\/fr\/#organization"},"alternateName":"Tecnocryo | trattamento fluidi criogenici","potentialAction":[{"@type":"SearchAction","target":{"@type":"EntryPoint","urlTemplate":"https:\/\/www.tecnocryo.com\/fr\/?s={search_term_string}"},"query-input":{"@type":"PropertyValueSpecification","valueRequired":true,"valueName":"search_term_string"}}],"inLanguage":"fr-FR"},{"@type":"Organization","@id":"https:\/\/www.tecnocryo.com\/fr\/#organization","name":"Tecnocryo | \u00e9quipement pour la manipulation du gaz","alternateName":"Tecnocryo | trattamento fluidi criogenici","url":"https:\/\/www.tecnocryo.com\/fr\/","logo":{"@type":"ImageObject","inLanguage":"fr-FR","@id":"https:\/\/www.tecnocryo.com\/fr\/#\/schema\/logo\/image\/","url":"https:\/\/www.tecnocryo.com\/wp-content\/uploads\/2024\/01\/logo-tecnocryo-origin.png","contentUrl":"https:\/\/www.tecnocryo.com\/wp-content\/uploads\/2024\/01\/logo-tecnocryo-origin.png","width":500,"height":59,"caption":"Tecnocryo | \u00e9quipement pour la manipulation du gaz"},"image":{"@id":"https:\/\/www.tecnocryo.com\/fr\/#\/schema\/logo\/image\/"},"sameAs":["https:\/\/linkedin.com\/company\/tecnocryo-spa\/"]}]}},"_links":{"self":[{"href":"https:\/\/www.tecnocryo.com\/fr\/wp-json\/wp\/v2\/pages\/2367","targetHints":{"allow":["GET"]}}],"collection":[{"href":"https:\/\/www.tecnocryo.com\/fr\/wp-json\/wp\/v2\/pages"}],"about":[{"href":"https:\/\/www.tecnocryo.com\/fr\/wp-json\/wp\/v2\/types\/page"}],"author":[{"embeddable":true,"href":"https:\/\/www.tecnocryo.com\/fr\/wp-json\/wp\/v2\/users\/2"}],"replies":[{"embeddable":true,"href":"https:\/\/www.tecnocryo.com\/fr\/wp-json\/wp\/v2\/comments?post=2367"}],"version-history":[{"count":2,"href":"https:\/\/www.tecnocryo.com\/fr\/wp-json\/wp\/v2\/pages\/2367\/revisions"}],"predecessor-version":[{"id":2376,"href":"https:\/\/www.tecnocryo.com\/fr\/wp-json\/wp\/v2\/pages\/2367\/revisions\/2376"}],"wp:featuredmedia":[{"embeddable":true,"href":"https:\/\/www.tecnocryo.com\/fr\/wp-json\/wp\/v2\/media\/1495"}],"wp:attachment":[{"href":"https:\/\/www.tecnocryo.com\/fr\/wp-json\/wp\/v2\/media?parent=2367"}],"curies":[{"name":"wp","href":"https:\/\/api.w.org\/{rel}","templated":true}]}}