{"id":2200,"date":"2023-01-19T16:15:19","date_gmt":"2023-01-19T15:15:19","guid":{"rendered":"https:\/\/www.tecnocryo.com\/apparecchiature-per-la-manipolazione-del-gas\/"},"modified":"2024-12-04T01:13:40","modified_gmt":"2024-12-04T00:13:40","slug":"equipement-de-manutention-des-gaz","status":"publish","type":"page","link":"https:\/\/www.tecnocryo.com\/fr\/","title":{"rendered":"\u00c9quipement de manutention des gaz"},"content":{"rendered":"","protected":false},"excerpt":{"rendered":"","protected":false},"author":2,"featured_media":0,"parent":0,"menu_order":0,"comment_status":"closed","ping_status":"closed","template":"","meta":{"_acf_changed":false,"footnotes":""},"class_list":["post-2200","page","type-page","status-publish","hentry"],"acf":[],"yoast_head":"<!-- This site is optimized with the Yoast SEO plugin v27.6 - https:\/\/yoast.com\/product\/yoast-seo-wordpress\/ -->\n<title>\u00c9quipement de manutention des gaz | Technocryo<\/title>\n<meta name=\"description\" content=\"Conception, construction et installation de machines, de syst\u00e8mes et d&#039;\u00e9quipements de pr\u00e9cision pour le traitement des fluides cryog\u00e9niques\" \/>\n<meta name=\"robots\" content=\"index, follow, max-snippet:-1, max-image-preview:large, max-video-preview:-1\" \/>\n<link rel=\"canonical\" href=\"https:\/\/www.tecnocryo.com\/fr\/\" \/>\n<meta property=\"og:locale\" content=\"fr_FR\" \/>\n<meta property=\"og:type\" content=\"article\" \/>\n<meta property=\"og:title\" content=\"\u00c9quipement de manutention des gaz | Technocryo\" \/>\n<meta property=\"og:description\" content=\"Conception, construction et installation de machines, de syst\u00e8mes et d&#039;\u00e9quipements de pr\u00e9cision pour le traitement des fluides cryog\u00e9niques\" \/>\n<meta property=\"og:url\" content=\"https:\/\/www.tecnocryo.com\/fr\/\" \/>\n<meta property=\"og:site_name\" content=\"Tecnocryo | apparecchiature per la manipolazione del gas\" \/>\n<meta property=\"article:modified_time\" content=\"2024-12-04T00:13:40+00:00\" \/>\n<meta property=\"og:image\" content=\"https:\/\/www.tecnocryo.com\/wp-content\/uploads\/2023\/02\/tecnocryo-apparecchiature-per-aria-compressa-600x510.png\" \/>\n<meta name=\"twitter:card\" content=\"summary_large_image\" \/>\n<meta name=\"twitter:title\" content=\"\u00c9quipement de manutention des gaz | Technocryo\" \/>\n<meta name=\"twitter:description\" content=\"Conception, construction et installation de machines, de syst\u00e8mes et d&#039;\u00e9quipements de pr\u00e9cision pour le traitement des fluides cryog\u00e9niques\" \/>\n<!-- \/ Yoast SEO plugin. -->","yoast_head_json":{"title":"\u00c9quipement de manutention des gaz | Technocryo","description":"Conception, construction et installation de machines, de syst\u00e8mes et d'\u00e9quipements de pr\u00e9cision pour le traitement des fluides cryog\u00e9niques","robots":{"index":"index","follow":"follow","max-snippet":"max-snippet:-1","max-image-preview":"max-image-preview:large","max-video-preview":"max-video-preview:-1"},"canonical":"https:\/\/www.tecnocryo.com\/fr\/","og_locale":"fr_FR","og_type":"article","og_title":"\u00c9quipement de manutention des gaz | Technocryo","og_description":"Conception, construction et installation de machines, de syst\u00e8mes et d'\u00e9quipements de pr\u00e9cision pour le traitement des fluides cryog\u00e9niques","og_url":"https:\/\/www.tecnocryo.com\/fr\/","og_site_name":"Tecnocryo | apparecchiature per la manipolazione del gas","article_modified_time":"2024-12-04T00:13:40+00:00","og_image":[{"url":"https:\/\/www.tecnocryo.com\/wp-content\/uploads\/2023\/02\/tecnocryo-apparecchiature-per-aria-compressa-600x510.png","type":"","width":"","height":""}],"twitter_card":"summary_large_image","twitter_title":"\u00c9quipement de manutention des gaz | Technocryo","twitter_description":"Conception, construction et installation de machines, de syst\u00e8mes et d'\u00e9quipements de pr\u00e9cision pour le traitement des fluides cryog\u00e9niques","schema":{"@context":"https:\/\/schema.org","@graph":[{"@type":"WebPage","@id":"https:\/\/www.tecnocryo.com\/fr\/","url":"https:\/\/www.tecnocryo.com\/fr\/","name":"\u00c9quipement de manutention des gaz | Technocryo","isPartOf":{"@id":"https:\/\/www.tecnocryo.com\/fr\/#website"},"datePublished":"2023-01-19T15:15:19+00:00","dateModified":"2024-12-04T00:13:40+00:00","description":"Conception, construction et installation de machines, de syst\u00e8mes et d'\u00e9quipements de pr\u00e9cision pour le traitement des fluides cryog\u00e9niques","breadcrumb":{"@id":"https:\/\/www.tecnocryo.com\/fr\/#breadcrumb"},"inLanguage":"fr-FR","potentialAction":[{"@type":"ReadAction","target":["https:\/\/www.tecnocryo.com\/fr\/"]}]},{"@type":"BreadcrumbList","@id":"https:\/\/www.tecnocryo.com\/fr\/#breadcrumb","itemListElement":[{"@type":"ListItem","position":1,"name":"accueil","item":"https:\/\/www.tecnocryo.com\/fr\/"},{"@type":"ListItem","position":2,"name":"\u00c9quipement de manutention des gaz"}]},{"@type":"WebSite","@id":"https:\/\/www.tecnocryo.com\/fr\/#website","url":"https:\/\/www.tecnocryo.com\/fr\/","name":"Tecnocryo | apparecchiature per la manipolazione del gas","description":"Tecnocryo | apparecchiature per la manipolazione del gas","publisher":{"@id":"https:\/\/www.tecnocryo.com\/fr\/#organization"},"alternateName":"Tecnocryo | trattamento fluidi criogenici","potentialAction":[{"@type":"SearchAction","target":{"@type":"EntryPoint","urlTemplate":"https:\/\/www.tecnocryo.com\/fr\/?s={search_term_string}"},"query-input":{"@type":"PropertyValueSpecification","valueRequired":true,"valueName":"search_term_string"}}],"inLanguage":"fr-FR"},{"@type":"Organization","@id":"https:\/\/www.tecnocryo.com\/fr\/#organization","name":"Tecnocryo | \u00e9quipement pour la manipulation du gaz","alternateName":"Tecnocryo | trattamento fluidi criogenici","url":"https:\/\/www.tecnocryo.com\/fr\/","logo":{"@type":"ImageObject","inLanguage":"fr-FR","@id":"https:\/\/www.tecnocryo.com\/fr\/#\/schema\/logo\/image\/","url":"https:\/\/www.tecnocryo.com\/wp-content\/uploads\/2024\/01\/logo-tecnocryo-origin.png","contentUrl":"https:\/\/www.tecnocryo.com\/wp-content\/uploads\/2024\/01\/logo-tecnocryo-origin.png","width":500,"height":59,"caption":"Tecnocryo | \u00e9quipement pour la manipulation du gaz"},"image":{"@id":"https:\/\/www.tecnocryo.com\/fr\/#\/schema\/logo\/image\/"},"sameAs":["https:\/\/linkedin.com\/company\/tecnocryo-spa\/"]}]}},"_links":{"self":[{"href":"https:\/\/www.tecnocryo.com\/fr\/wp-json\/wp\/v2\/pages\/2200","targetHints":{"allow":["GET"]}}],"collection":[{"href":"https:\/\/www.tecnocryo.com\/fr\/wp-json\/wp\/v2\/pages"}],"about":[{"href":"https:\/\/www.tecnocryo.com\/fr\/wp-json\/wp\/v2\/types\/page"}],"author":[{"embeddable":true,"href":"https:\/\/www.tecnocryo.com\/fr\/wp-json\/wp\/v2\/users\/2"}],"replies":[{"embeddable":true,"href":"https:\/\/www.tecnocryo.com\/fr\/wp-json\/wp\/v2\/comments?post=2200"}],"version-history":[{"count":3,"href":"https:\/\/www.tecnocryo.com\/fr\/wp-json\/wp\/v2\/pages\/2200\/revisions"}],"predecessor-version":[{"id":2209,"href":"https:\/\/www.tecnocryo.com\/fr\/wp-json\/wp\/v2\/pages\/2200\/revisions\/2209"}],"wp:attachment":[{"href":"https:\/\/www.tecnocryo.com\/fr\/wp-json\/wp\/v2\/media?parent=2200"}],"curies":[{"name":"wp","href":"https:\/\/api.w.org\/{rel}","templated":true}]}}