{"id":2195,"date":"2023-01-20T00:38:58","date_gmt":"2023-01-19T23:38:58","guid":{"rendered":"https:\/\/www.tecnocryo.com\/contacts-nous-sommes-a-votre-disposition-tecnocryo\/"},"modified":"2024-12-04T00:31:22","modified_gmt":"2024-12-03T23:31:22","slug":"contacts-nous-sommes-a-votre-disposition-tecnocryo","status":"publish","type":"page","link":"https:\/\/www.tecnocryo.com\/fr\/contacts-nous-sommes-a-votre-disposition-tecnocryo\/","title":{"rendered":"Informations | Contacts"},"content":{"rendered":"","protected":false},"excerpt":{"rendered":"","protected":false},"author":2,"featured_media":1600,"parent":0,"menu_order":0,"comment_status":"closed","ping_status":"closed","template":"template\/contatti.php","meta":{"_acf_changed":false,"footnotes":""},"class_list":["post-2195","page","type-page","status-publish","has-post-thumbnail","hentry"],"acf":[],"yoast_head":"<!-- This site is optimized with the Yoast SEO plugin v27.3 - https:\/\/yoast.com\/product\/yoast-seo-wordpress\/ -->\n<title>Contacts - Nous sommes \u00e0 votre disposition | Tecnocryo<\/title>\n<meta name=\"description\" content=\"Vous avez des questions sur nos produits ou souhaitez des informations ? Contactez-nous pour un support personnalis\u00e9 et des r\u00e9ponses rapides\" \/>\n<meta name=\"robots\" content=\"index, follow, max-snippet:-1, max-image-preview:large, max-video-preview:-1\" \/>\n<link rel=\"canonical\" href=\"https:\/\/www.tecnocryo.com\/fr\/contacts-nous-sommes-a-votre-disposition-tecnocryo\/\" \/>\n<meta property=\"og:locale\" content=\"fr_FR\" \/>\n<meta property=\"og:type\" content=\"article\" \/>\n<meta property=\"og:title\" content=\"Contacts - Nous sommes \u00e0 votre disposition | Tecnocryo\" \/>\n<meta property=\"og:description\" content=\"Vous avez des questions sur nos produits ou souhaitez des informations ? Contactez-nous pour un support personnalis\u00e9 et des r\u00e9ponses rapides\" \/>\n<meta property=\"og:url\" content=\"https:\/\/www.tecnocryo.com\/fr\/contacts-nous-sommes-a-votre-disposition-tecnocryo\/\" \/>\n<meta property=\"og:site_name\" content=\"Tecnocryo | apparecchiature per la manipolazione del gas\" \/>\n<meta property=\"article:modified_time\" content=\"2024-12-03T23:31:22+00:00\" \/>\n<meta property=\"og:image\" content=\"https:\/\/www.tecnocryo.com\/wp-content\/uploads\/2023\/04\/tecnocryo-valvole-sicurezza-per-industria-1.jpg\" \/>\n\t<meta property=\"og:image:width\" content=\"2000\" \/>\n\t<meta property=\"og:image:height\" content=\"650\" \/>\n\t<meta property=\"og:image:type\" content=\"image\/jpeg\" \/>\n<meta name=\"twitter:card\" content=\"summary_large_image\" \/>\n<meta name=\"twitter:title\" content=\"Contacts - Nous sommes \u00e0 votre disposition | Tecnocryo\" \/>\n<meta name=\"twitter:description\" content=\"Vous avez des questions sur nos produits ou souhaitez des informations ? Contactez-nous pour un support personnalis\u00e9 et des r\u00e9ponses rapides\" \/>\n<meta name=\"twitter:label1\" content=\"Dur\u00e9e de lecture estim\u00e9e\" \/>\n\t<meta name=\"twitter:data1\" content=\"1 minute\" \/>\n<!-- \/ Yoast SEO plugin. -->","yoast_head_json":{"title":"Contacts - Nous sommes \u00e0 votre disposition | Tecnocryo","description":"Vous avez des questions sur nos produits ou souhaitez des informations ? Contactez-nous pour un support personnalis\u00e9 et des r\u00e9ponses rapides","robots":{"index":"index","follow":"follow","max-snippet":"max-snippet:-1","max-image-preview":"max-image-preview:large","max-video-preview":"max-video-preview:-1"},"canonical":"https:\/\/www.tecnocryo.com\/fr\/contacts-nous-sommes-a-votre-disposition-tecnocryo\/","og_locale":"fr_FR","og_type":"article","og_title":"Contacts - Nous sommes \u00e0 votre disposition | Tecnocryo","og_description":"Vous avez des questions sur nos produits ou souhaitez des informations ? Contactez-nous pour un support personnalis\u00e9 et des r\u00e9ponses rapides","og_url":"https:\/\/www.tecnocryo.com\/fr\/contacts-nous-sommes-a-votre-disposition-tecnocryo\/","og_site_name":"Tecnocryo | apparecchiature per la manipolazione del gas","article_modified_time":"2024-12-03T23:31:22+00:00","og_image":[{"width":2000,"height":650,"url":"https:\/\/www.tecnocryo.com\/wp-content\/uploads\/2023\/04\/tecnocryo-valvole-sicurezza-per-industria-1.jpg","type":"image\/jpeg"}],"twitter_card":"summary_large_image","twitter_title":"Contacts - Nous sommes \u00e0 votre disposition | Tecnocryo","twitter_description":"Vous avez des questions sur nos produits ou souhaitez des informations ? Contactez-nous pour un support personnalis\u00e9 et des r\u00e9ponses rapides","twitter_misc":{"Dur\u00e9e de lecture estim\u00e9e":"1 minute"},"schema":{"@context":"https:\/\/schema.org","@graph":[{"@type":"WebPage","@id":"https:\/\/www.tecnocryo.com\/fr\/contacts-nous-sommes-a-votre-disposition-tecnocryo\/","url":"https:\/\/www.tecnocryo.com\/fr\/contacts-nous-sommes-a-votre-disposition-tecnocryo\/","name":"Contacts - Nous sommes \u00e0 votre disposition | Tecnocryo","isPartOf":{"@id":"https:\/\/www.tecnocryo.com\/fr\/#website"},"primaryImageOfPage":{"@id":"https:\/\/www.tecnocryo.com\/fr\/contacts-nous-sommes-a-votre-disposition-tecnocryo\/#primaryimage"},"image":{"@id":"https:\/\/www.tecnocryo.com\/fr\/contacts-nous-sommes-a-votre-disposition-tecnocryo\/#primaryimage"},"thumbnailUrl":"https:\/\/www.tecnocryo.com\/wp-content\/uploads\/2023\/04\/tecnocryo-valvole-sicurezza-per-industria-1.jpg","datePublished":"2023-01-19T23:38:58+00:00","dateModified":"2024-12-03T23:31:22+00:00","description":"Vous avez des questions sur nos produits ou souhaitez des informations ? Contactez-nous pour un support personnalis\u00e9 et des r\u00e9ponses rapides","breadcrumb":{"@id":"https:\/\/www.tecnocryo.com\/fr\/contacts-nous-sommes-a-votre-disposition-tecnocryo\/#breadcrumb"},"inLanguage":"fr-FR","potentialAction":[{"@type":"ReadAction","target":["https:\/\/www.tecnocryo.com\/fr\/contacts-nous-sommes-a-votre-disposition-tecnocryo\/"]}]},{"@type":"ImageObject","inLanguage":"fr-FR","@id":"https:\/\/www.tecnocryo.com\/fr\/contacts-nous-sommes-a-votre-disposition-tecnocryo\/#primaryimage","url":"https:\/\/www.tecnocryo.com\/wp-content\/uploads\/2023\/04\/tecnocryo-valvole-sicurezza-per-industria-1.jpg","contentUrl":"https:\/\/www.tecnocryo.com\/wp-content\/uploads\/2023\/04\/tecnocryo-valvole-sicurezza-per-industria-1.jpg","width":2000,"height":650,"caption":"vannes-de-s\u00e9curit\u00e9-technocryo-pour-l'industrie"},{"@type":"BreadcrumbList","@id":"https:\/\/www.tecnocryo.com\/fr\/contacts-nous-sommes-a-votre-disposition-tecnocryo\/#breadcrumb","itemListElement":[{"@type":"ListItem","position":1,"name":"accueil","item":"https:\/\/www.tecnocryo.com\/fr\/"},{"@type":"ListItem","position":2,"name":"Informations | Contacts"}]},{"@type":"WebSite","@id":"https:\/\/www.tecnocryo.com\/fr\/#website","url":"https:\/\/www.tecnocryo.com\/fr\/","name":"Tecnocryo | apparecchiature per la manipolazione del gas","description":"Tecnocryo | apparecchiature per la manipolazione del gas","publisher":{"@id":"https:\/\/www.tecnocryo.com\/fr\/#organization"},"alternateName":"Tecnocryo | trattamento fluidi criogenici","potentialAction":[{"@type":"SearchAction","target":{"@type":"EntryPoint","urlTemplate":"https:\/\/www.tecnocryo.com\/fr\/?s={search_term_string}"},"query-input":{"@type":"PropertyValueSpecification","valueRequired":true,"valueName":"search_term_string"}}],"inLanguage":"fr-FR"},{"@type":"Organization","@id":"https:\/\/www.tecnocryo.com\/fr\/#organization","name":"Tecnocryo | \u00e9quipement pour la manipulation du gaz","alternateName":"Tecnocryo | trattamento fluidi criogenici","url":"https:\/\/www.tecnocryo.com\/fr\/","logo":{"@type":"ImageObject","inLanguage":"fr-FR","@id":"https:\/\/www.tecnocryo.com\/fr\/#\/schema\/logo\/image\/","url":"https:\/\/www.tecnocryo.com\/wp-content\/uploads\/2024\/01\/logo-tecnocryo-origin.png","contentUrl":"https:\/\/www.tecnocryo.com\/wp-content\/uploads\/2024\/01\/logo-tecnocryo-origin.png","width":500,"height":59,"caption":"Tecnocryo | \u00e9quipement pour la manipulation du gaz"},"image":{"@id":"https:\/\/www.tecnocryo.com\/fr\/#\/schema\/logo\/image\/"},"sameAs":["https:\/\/linkedin.com\/company\/tecnocryo-spa\/"]}]}},"_links":{"self":[{"href":"https:\/\/www.tecnocryo.com\/fr\/wp-json\/wp\/v2\/pages\/2195","targetHints":{"allow":["GET"]}}],"collection":[{"href":"https:\/\/www.tecnocryo.com\/fr\/wp-json\/wp\/v2\/pages"}],"about":[{"href":"https:\/\/www.tecnocryo.com\/fr\/wp-json\/wp\/v2\/types\/page"}],"author":[{"embeddable":true,"href":"https:\/\/www.tecnocryo.com\/fr\/wp-json\/wp\/v2\/users\/2"}],"replies":[{"embeddable":true,"href":"https:\/\/www.tecnocryo.com\/fr\/wp-json\/wp\/v2\/comments?post=2195"}],"version-history":[{"count":1,"href":"https:\/\/www.tecnocryo.com\/fr\/wp-json\/wp\/v2\/pages\/2195\/revisions"}],"predecessor-version":[{"id":2196,"href":"https:\/\/www.tecnocryo.com\/fr\/wp-json\/wp\/v2\/pages\/2195\/revisions\/2196"}],"wp:featuredmedia":[{"embeddable":true,"href":"https:\/\/www.tecnocryo.com\/fr\/wp-json\/wp\/v2\/media\/1600"}],"wp:attachment":[{"href":"https:\/\/www.tecnocryo.com\/fr\/wp-json\/wp\/v2\/media?parent=2195"}],"curies":[{"name":"wp","href":"https:\/\/api.w.org\/{rel}","templated":true}]}}