{"id":2178,"date":"2023-01-20T00:37:37","date_gmt":"2023-01-19T23:37:37","guid":{"rendered":"https:\/\/www.tecnocryo.com\/certificazioni\/"},"modified":"2024-12-03T23:20:16","modified_gmt":"2024-12-03T22:20:16","slug":"qualite-et-certifications","status":"publish","type":"page","link":"https:\/\/www.tecnocryo.com\/fr\/qualite-et-certifications\/","title":{"rendered":"Qualit\u00e9 et certifications"},"content":{"rendered":"\n<h2 class=\"wp-block-heading green\">Le syst\u00e8me de qualit\u00e9 de Tecnocryo S.p.A. est certifi\u00e9 depuis mai 2002 par l&rsquo;organisme de certification T\u00dcV Italia, branche italienne du groupe T\u00dcV S\u00dcD, organisme notifi\u00e9 0948, conform\u00e9ment \u00e0 la norme EN ISO 9001.<\/h2>\n\n\n\n<p>Les domaines couverts par cette certification englobent toutes les exigences de la norme, de la conception \u00e0 la production, y compris la mise en service, les essais et l&rsquo;entretien des composants et des syst\u00e8mes de gestion et de production de gaz.<\/p>\n\n\n\n<p><br>L&rsquo;objectif principal de Tecnocryo S.p.A. est de r\u00e9pondre aux besoins de ses clients en termes de produits et de services. Les connaissances d\u00e9velopp\u00e9es par Tecnocryo S.p.A. au fil des ans ont permis d&rsquo;\u00e9tablir une collaboration efficace avec ses clients afin de trouver les solutions les plus adapt\u00e9es \u00e0 leurs exigences sp\u00e9cifiques, en op\u00e9rant toujours dans des environnements s\u00fbrs<\/p>\n","protected":false},"excerpt":{"rendered":"<p>Le syst\u00e8me de qualit\u00e9 de Tecnocryo S.p.A. est certifi\u00e9 depuis mai 2002 par l&rsquo;organisme de certification T\u00dcV Italia, branche italienne&#8230;<\/p>\n","protected":false},"author":2,"featured_media":0,"parent":0,"menu_order":0,"comment_status":"closed","ping_status":"closed","template":"template\/certificazioni.php","meta":{"_acf_changed":false,"footnotes":""},"class_list":["post-2178","page","type-page","status-publish","hentry"],"acf":[],"yoast_head":"<!-- This site is optimized with the Yoast SEO plugin v27.5 - https:\/\/yoast.com\/product\/yoast-seo-wordpress\/ -->\n<title>Qualit\u00e9 et Certifications | Tecnocryo<\/title>\n<meta name=\"description\" content=\"Certification ISO 9001 de Tecnocryo avec T\u00dcV Italie depuis 2002. Nous garantissons des standards \u00e9lev\u00e9s dans la conception, la production et le support\" \/>\n<meta name=\"robots\" content=\"index, follow, max-snippet:-1, max-image-preview:large, max-video-preview:-1\" \/>\n<link rel=\"canonical\" href=\"https:\/\/www.tecnocryo.com\/fr\/qualite-et-certifications\/\" \/>\n<meta property=\"og:locale\" content=\"fr_FR\" \/>\n<meta property=\"og:type\" content=\"article\" \/>\n<meta property=\"og:title\" content=\"Qualit\u00e9 et Certifications | Tecnocryo\" \/>\n<meta property=\"og:description\" content=\"Certification ISO 9001 de Tecnocryo avec T\u00dcV Italie depuis 2002. Nous garantissons des standards \u00e9lev\u00e9s dans la conception, la production et le support\" \/>\n<meta property=\"og:url\" content=\"https:\/\/www.tecnocryo.com\/fr\/qualite-et-certifications\/\" \/>\n<meta property=\"og:site_name\" content=\"Tecnocryo | apparecchiature per la manipolazione del gas\" \/>\n<meta property=\"article:modified_time\" content=\"2024-12-03T22:20:16+00:00\" \/>\n<meta property=\"og:image\" content=\"https:\/\/www.tecnocryo.com\/wp-content\/uploads\/2024\/01\/Apparecchiature-per-la-manipolazione-del-gas-Tecnocryo.jpg\" \/>\n\t<meta property=\"og:image:width\" content=\"1200\" \/>\n\t<meta property=\"og:image:height\" content=\"675\" \/>\n\t<meta property=\"og:image:type\" content=\"image\/jpeg\" \/>\n<meta name=\"twitter:card\" content=\"summary_large_image\" \/>\n<meta name=\"twitter:title\" content=\"Qualit\u00e9 et Certifications | Tecnocryo\" \/>\n<meta name=\"twitter:description\" content=\"Certification ISO 9001 de Tecnocryo avec T\u00dcV Italie depuis 2002. Nous garantissons des standards \u00e9lev\u00e9s dans la conception, la production et le support\" \/>\n<meta name=\"twitter:label1\" content=\"Dur\u00e9e de lecture estim\u00e9e\" \/>\n\t<meta name=\"twitter:data1\" content=\"1 minute\" \/>\n<!-- \/ Yoast SEO plugin. -->","yoast_head_json":{"title":"Qualit\u00e9 et Certifications | Tecnocryo","description":"Certification ISO 9001 de Tecnocryo avec T\u00dcV Italie depuis 2002. Nous garantissons des standards \u00e9lev\u00e9s dans la conception, la production et le support","robots":{"index":"index","follow":"follow","max-snippet":"max-snippet:-1","max-image-preview":"max-image-preview:large","max-video-preview":"max-video-preview:-1"},"canonical":"https:\/\/www.tecnocryo.com\/fr\/qualite-et-certifications\/","og_locale":"fr_FR","og_type":"article","og_title":"Qualit\u00e9 et Certifications | Tecnocryo","og_description":"Certification ISO 9001 de Tecnocryo avec T\u00dcV Italie depuis 2002. Nous garantissons des standards \u00e9lev\u00e9s dans la conception, la production et le support","og_url":"https:\/\/www.tecnocryo.com\/fr\/qualite-et-certifications\/","og_site_name":"Tecnocryo | apparecchiature per la manipolazione del gas","article_modified_time":"2024-12-03T22:20:16+00:00","og_image":[{"width":1200,"height":675,"url":"https:\/\/www.tecnocryo.com\/wp-content\/uploads\/2024\/01\/Apparecchiature-per-la-manipolazione-del-gas-Tecnocryo.jpg","type":"image\/jpeg"}],"twitter_card":"summary_large_image","twitter_title":"Qualit\u00e9 et Certifications | Tecnocryo","twitter_description":"Certification ISO 9001 de Tecnocryo avec T\u00dcV Italie depuis 2002. Nous garantissons des standards \u00e9lev\u00e9s dans la conception, la production et le support","twitter_misc":{"Dur\u00e9e de lecture estim\u00e9e":"1 minute"},"schema":{"@context":"https:\/\/schema.org","@graph":[{"@type":"WebPage","@id":"https:\/\/www.tecnocryo.com\/fr\/qualite-et-certifications\/","url":"https:\/\/www.tecnocryo.com\/fr\/qualite-et-certifications\/","name":"Qualit\u00e9 et Certifications | Tecnocryo","isPartOf":{"@id":"https:\/\/www.tecnocryo.com\/fr\/#website"},"datePublished":"2023-01-19T23:37:37+00:00","dateModified":"2024-12-03T22:20:16+00:00","description":"Certification ISO 9001 de Tecnocryo avec T\u00dcV Italie depuis 2002. Nous garantissons des standards \u00e9lev\u00e9s dans la conception, la production et le support","breadcrumb":{"@id":"https:\/\/www.tecnocryo.com\/fr\/qualite-et-certifications\/#breadcrumb"},"inLanguage":"fr-FR","potentialAction":[{"@type":"ReadAction","target":["https:\/\/www.tecnocryo.com\/fr\/qualite-et-certifications\/"]}]},{"@type":"BreadcrumbList","@id":"https:\/\/www.tecnocryo.com\/fr\/qualite-et-certifications\/#breadcrumb","itemListElement":[{"@type":"ListItem","position":1,"name":"accueil","item":"https:\/\/www.tecnocryo.com\/fr\/"},{"@type":"ListItem","position":2,"name":"Qualit\u00e9 et certifications"}]},{"@type":"WebSite","@id":"https:\/\/www.tecnocryo.com\/fr\/#website","url":"https:\/\/www.tecnocryo.com\/fr\/","name":"Tecnocryo | apparecchiature per la manipolazione del gas","description":"Tecnocryo | apparecchiature per la manipolazione del gas","publisher":{"@id":"https:\/\/www.tecnocryo.com\/fr\/#organization"},"alternateName":"Tecnocryo | trattamento fluidi criogenici","potentialAction":[{"@type":"SearchAction","target":{"@type":"EntryPoint","urlTemplate":"https:\/\/www.tecnocryo.com\/fr\/?s={search_term_string}"},"query-input":{"@type":"PropertyValueSpecification","valueRequired":true,"valueName":"search_term_string"}}],"inLanguage":"fr-FR"},{"@type":"Organization","@id":"https:\/\/www.tecnocryo.com\/fr\/#organization","name":"Tecnocryo | \u00e9quipement pour la manipulation du gaz","alternateName":"Tecnocryo | trattamento fluidi criogenici","url":"https:\/\/www.tecnocryo.com\/fr\/","logo":{"@type":"ImageObject","inLanguage":"fr-FR","@id":"https:\/\/www.tecnocryo.com\/fr\/#\/schema\/logo\/image\/","url":"https:\/\/www.tecnocryo.com\/wp-content\/uploads\/2024\/01\/logo-tecnocryo-origin.png","contentUrl":"https:\/\/www.tecnocryo.com\/wp-content\/uploads\/2024\/01\/logo-tecnocryo-origin.png","width":500,"height":59,"caption":"Tecnocryo | \u00e9quipement pour la manipulation du gaz"},"image":{"@id":"https:\/\/www.tecnocryo.com\/fr\/#\/schema\/logo\/image\/"},"sameAs":["https:\/\/linkedin.com\/company\/tecnocryo-spa\/"]}]}},"_links":{"self":[{"href":"https:\/\/www.tecnocryo.com\/fr\/wp-json\/wp\/v2\/pages\/2178","targetHints":{"allow":["GET"]}}],"collection":[{"href":"https:\/\/www.tecnocryo.com\/fr\/wp-json\/wp\/v2\/pages"}],"about":[{"href":"https:\/\/www.tecnocryo.com\/fr\/wp-json\/wp\/v2\/types\/page"}],"author":[{"embeddable":true,"href":"https:\/\/www.tecnocryo.com\/fr\/wp-json\/wp\/v2\/users\/2"}],"replies":[{"embeddable":true,"href":"https:\/\/www.tecnocryo.com\/fr\/wp-json\/wp\/v2\/comments?post=2178"}],"version-history":[{"count":2,"href":"https:\/\/www.tecnocryo.com\/fr\/wp-json\/wp\/v2\/pages\/2178\/revisions"}],"predecessor-version":[{"id":2186,"href":"https:\/\/www.tecnocryo.com\/fr\/wp-json\/wp\/v2\/pages\/2178\/revisions\/2186"}],"wp:attachment":[{"href":"https:\/\/www.tecnocryo.com\/fr\/wp-json\/wp\/v2\/media?parent=2178"}],"curies":[{"name":"wp","href":"https:\/\/api.w.org\/{rel}","templated":true}]}}