{"id":2227,"date":"2023-01-20T00:38:58","date_gmt":"2023-01-19T23:38:58","guid":{"rendered":"https:\/\/www.tecnocryo.com\/contatti\/"},"modified":"2024-12-04T13:03:11","modified_gmt":"2024-12-04T12:03:11","slug":"contactos","status":"publish","type":"page","link":"https:\/\/www.tecnocryo.com\/es\/contactos\/","title":{"rendered":"Informaci\u00f3n | Contactos"},"content":{"rendered":"","protected":false},"excerpt":{"rendered":"","protected":false},"author":2,"featured_media":1601,"parent":0,"menu_order":0,"comment_status":"closed","ping_status":"closed","template":"template\/contatti.php","meta":{"_acf_changed":false,"footnotes":""},"class_list":["post-2227","page","type-page","status-publish","has-post-thumbnail","hentry"],"acf":[],"yoast_head":"<!-- This site is optimized with the Yoast SEO plugin v27.3 - https:\/\/yoast.com\/product\/yoast-seo-wordpress\/ -->\n<title>Contactos - Estamos a Tu Disposici\u00f3n | Tecnocryo<\/title>\n<meta name=\"description\" content=\"\u00bfTienes preguntas sobre nuestros productos o necesitas informaci\u00f3n? Cont\u00e1ctanos para recibir soporte personalizado y respuestas r\u00e1pidas\" \/>\n<meta name=\"robots\" content=\"index, follow, max-snippet:-1, max-image-preview:large, max-video-preview:-1\" \/>\n<link rel=\"canonical\" href=\"https:\/\/www.tecnocryo.com\/es\/contactos\/\" \/>\n<meta property=\"og:locale\" content=\"es_ES\" \/>\n<meta property=\"og:type\" content=\"article\" \/>\n<meta property=\"og:title\" content=\"Contactos - Estamos a Tu Disposici\u00f3n | Tecnocryo\" \/>\n<meta property=\"og:description\" content=\"\u00bfTienes preguntas sobre nuestros productos o necesitas informaci\u00f3n? Cont\u00e1ctanos para recibir soporte personalizado y respuestas r\u00e1pidas\" \/>\n<meta property=\"og:url\" content=\"https:\/\/www.tecnocryo.com\/es\/contactos\/\" \/>\n<meta property=\"og:site_name\" content=\"Tecnocryo | apparecchiature per la manipolazione del gas\" \/>\n<meta property=\"article:modified_time\" content=\"2024-12-04T12:03:11+00:00\" \/>\n<meta property=\"og:image\" content=\"https:\/\/www.tecnocryo.com\/wp-content\/uploads\/2023\/04\/tecnocryo-valvole-sicurezza-per-industria-1.jpg\" \/>\n\t<meta property=\"og:image:width\" content=\"2000\" \/>\n\t<meta property=\"og:image:height\" content=\"650\" \/>\n\t<meta property=\"og:image:type\" content=\"image\/jpeg\" \/>\n<meta name=\"twitter:card\" content=\"summary_large_image\" \/>\n<meta name=\"twitter:title\" content=\"Contactos - Estamos a Tu Disposici\u00f3n | Tecnocryo\" \/>\n<meta name=\"twitter:description\" content=\"\u00bfTienes preguntas sobre nuestros productos o necesitas informaci\u00f3n? Cont\u00e1ctanos para recibir soporte personalizado y respuestas r\u00e1pidas\" \/>\n<meta name=\"twitter:label1\" content=\"Tiempo de lectura\" \/>\n\t<meta name=\"twitter:data1\" content=\"1 minuto\" \/>\n<!-- \/ Yoast SEO plugin. -->","yoast_head_json":{"title":"Contactos - Estamos a Tu Disposici\u00f3n | Tecnocryo","description":"\u00bfTienes preguntas sobre nuestros productos o necesitas informaci\u00f3n? Cont\u00e1ctanos para recibir soporte personalizado y respuestas r\u00e1pidas","robots":{"index":"index","follow":"follow","max-snippet":"max-snippet:-1","max-image-preview":"max-image-preview:large","max-video-preview":"max-video-preview:-1"},"canonical":"https:\/\/www.tecnocryo.com\/es\/contactos\/","og_locale":"es_ES","og_type":"article","og_title":"Contactos - Estamos a Tu Disposici\u00f3n | Tecnocryo","og_description":"\u00bfTienes preguntas sobre nuestros productos o necesitas informaci\u00f3n? Cont\u00e1ctanos para recibir soporte personalizado y respuestas r\u00e1pidas","og_url":"https:\/\/www.tecnocryo.com\/es\/contactos\/","og_site_name":"Tecnocryo | apparecchiature per la manipolazione del gas","article_modified_time":"2024-12-04T12:03:11+00:00","og_image":[{"width":2000,"height":650,"url":"https:\/\/www.tecnocryo.com\/wp-content\/uploads\/2023\/04\/tecnocryo-valvole-sicurezza-per-industria-1.jpg","type":"image\/jpeg"}],"twitter_card":"summary_large_image","twitter_title":"Contactos - Estamos a Tu Disposici\u00f3n | Tecnocryo","twitter_description":"\u00bfTienes preguntas sobre nuestros productos o necesitas informaci\u00f3n? Cont\u00e1ctanos para recibir soporte personalizado y respuestas r\u00e1pidas","twitter_misc":{"Tiempo de lectura":"1 minuto"},"schema":{"@context":"https:\/\/schema.org","@graph":[{"@type":"WebPage","@id":"https:\/\/www.tecnocryo.com\/es\/contactos\/","url":"https:\/\/www.tecnocryo.com\/es\/contactos\/","name":"Contactos - Estamos a Tu Disposici\u00f3n | Tecnocryo","isPartOf":{"@id":"https:\/\/www.tecnocryo.com\/es\/#website"},"primaryImageOfPage":{"@id":"https:\/\/www.tecnocryo.com\/es\/contactos\/#primaryimage"},"image":{"@id":"https:\/\/www.tecnocryo.com\/es\/contactos\/#primaryimage"},"thumbnailUrl":"https:\/\/www.tecnocryo.com\/wp-content\/uploads\/2023\/04\/tecnocryo-valvole-sicurezza-per-industria-1.jpg","datePublished":"2023-01-19T23:38:58+00:00","dateModified":"2024-12-04T12:03:11+00:00","description":"\u00bfTienes preguntas sobre nuestros productos o necesitas informaci\u00f3n? Cont\u00e1ctanos para recibir soporte personalizado y respuestas r\u00e1pidas","breadcrumb":{"@id":"https:\/\/www.tecnocryo.com\/es\/contactos\/#breadcrumb"},"inLanguage":"es","potentialAction":[{"@type":"ReadAction","target":["https:\/\/www.tecnocryo.com\/es\/contactos\/"]}]},{"@type":"ImageObject","inLanguage":"es","@id":"https:\/\/www.tecnocryo.com\/es\/contactos\/#primaryimage","url":"https:\/\/www.tecnocryo.com\/wp-content\/uploads\/2023\/04\/tecnocryo-valvole-sicurezza-per-industria-1.jpg","contentUrl":"https:\/\/www.tecnocryo.com\/wp-content\/uploads\/2023\/04\/tecnocryo-valvole-sicurezza-per-industria-1.jpg","width":2000,"height":650,"caption":"v\u00e1lvulas-de-seguridad-tecnocryo-para-la-industria"},{"@type":"BreadcrumbList","@id":"https:\/\/www.tecnocryo.com\/es\/contactos\/#breadcrumb","itemListElement":[{"@type":"ListItem","position":1,"name":"Inicio","item":"https:\/\/www.tecnocryo.com\/es\/"},{"@type":"ListItem","position":2,"name":"Informaci\u00f3n | Contactos"}]},{"@type":"WebSite","@id":"https:\/\/www.tecnocryo.com\/es\/#website","url":"https:\/\/www.tecnocryo.com\/es\/","name":"Tecnocryo | apparecchiature per la manipolazione del gas","description":"Tecnocryo | apparecchiature per la manipolazione del gas","publisher":{"@id":"https:\/\/www.tecnocryo.com\/es\/#organization"},"alternateName":"Tecnocryo | trattamento fluidi criogenici","potentialAction":[{"@type":"SearchAction","target":{"@type":"EntryPoint","urlTemplate":"https:\/\/www.tecnocryo.com\/es\/?s={search_term_string}"},"query-input":{"@type":"PropertyValueSpecification","valueRequired":true,"valueName":"search_term_string"}}],"inLanguage":"es"},{"@type":"Organization","@id":"https:\/\/www.tecnocryo.com\/es\/#organization","name":"Tecnocryo | equipos para la manipulaci\u00f3n de gas","alternateName":"Tecnocryo | trattamento fluidi criogenici","url":"https:\/\/www.tecnocryo.com\/es\/","logo":{"@type":"ImageObject","inLanguage":"es","@id":"https:\/\/www.tecnocryo.com\/es\/#\/schema\/logo\/image\/","url":"https:\/\/www.tecnocryo.com\/wp-content\/uploads\/2024\/01\/logo-tecnocryo-origin.png","contentUrl":"https:\/\/www.tecnocryo.com\/wp-content\/uploads\/2024\/01\/logo-tecnocryo-origin.png","width":500,"height":59,"caption":"Tecnocryo | equipos para la manipulaci\u00f3n de gas"},"image":{"@id":"https:\/\/www.tecnocryo.com\/es\/#\/schema\/logo\/image\/"},"sameAs":["https:\/\/linkedin.com\/company\/tecnocryo-spa\/"]}]}},"_links":{"self":[{"href":"https:\/\/www.tecnocryo.com\/es\/wp-json\/wp\/v2\/pages\/2227","targetHints":{"allow":["GET"]}}],"collection":[{"href":"https:\/\/www.tecnocryo.com\/es\/wp-json\/wp\/v2\/pages"}],"about":[{"href":"https:\/\/www.tecnocryo.com\/es\/wp-json\/wp\/v2\/types\/page"}],"author":[{"embeddable":true,"href":"https:\/\/www.tecnocryo.com\/es\/wp-json\/wp\/v2\/users\/2"}],"replies":[{"embeddable":true,"href":"https:\/\/www.tecnocryo.com\/es\/wp-json\/wp\/v2\/comments?post=2227"}],"version-history":[{"count":2,"href":"https:\/\/www.tecnocryo.com\/es\/wp-json\/wp\/v2\/pages\/2227\/revisions"}],"predecessor-version":[{"id":2230,"href":"https:\/\/www.tecnocryo.com\/es\/wp-json\/wp\/v2\/pages\/2227\/revisions\/2230"}],"wp:featuredmedia":[{"embeddable":true,"href":"https:\/\/www.tecnocryo.com\/es\/wp-json\/wp\/v2\/media\/1601"}],"wp:attachment":[{"href":"https:\/\/www.tecnocryo.com\/es\/wp-json\/wp\/v2\/media?parent=2227"}],"curies":[{"name":"wp","href":"https:\/\/api.w.org\/{rel}","templated":true}]}}